{"id":3125,"date":"2024-08-21T09:05:02","date_gmt":"2024-08-21T07:05:02","guid":{"rendered":"https:\/\/www.lowind.es\/servicos\/"},"modified":"2025-09-11T09:10:12","modified_gmt":"2025-09-11T07:10:12","slug":"servicos","status":"publish","type":"page","link":"https:\/\/www.lowind.es\/pt-pt\/servicos\/","title":{"rendered":"Servi\u00e7os"},"content":{"rendered":"\t\t<div data-elementor-type=\"wp-page\" data-elementor-id=\"3125\" class=\"elementor elementor-3125 elementor-89\" data-elementor-post-type=\"page\">\n\t\t\t\t<div class=\"elementor-element elementor-element-3477042 e-flex e-con-boxed e-con e-parent\" data-id=\"3477042\" data-element_type=\"container\" data-settings=\"{&quot;background_background&quot;:&quot;classic&quot;}\">\n\t\t\t\t\t<div class=\"e-con-inner\">\n\t\t\t\t<div class=\"elementor-element elementor-element-8072eea elementor-invisible elementor-widget elementor-widget-heading\" data-id=\"8072eea\" data-element_type=\"widget\" data-settings=\"{&quot;_animation&quot;:&quot;fadeInUp&quot;}\" data-widget_type=\"heading.default\">\n\t\t\t\t<div class=\"elementor-widget-container\">\n\t\t\t\t\t<h1 class=\"elementor-heading-title elementor-size-default\">A empresa<\/h1>\t\t\t\t<\/div>\n\t\t\t\t<\/div>\n\t\t\t\t\t<\/div>\n\t\t\t\t<\/div>\n\t\t<div class=\"elementor-element elementor-element-65a8df8 e-flex e-con-boxed e-con e-parent\" data-id=\"65a8df8\" data-element_type=\"container\">\n\t\t\t\t\t<div class=\"e-con-inner\">\n\t\t<div class=\"elementor-element elementor-element-26d5f8c e-con-full e-flex e-con e-child\" data-id=\"26d5f8c\" data-element_type=\"container\">\n\t\t\t\t<div class=\"elementor-element elementor-element-570edaa elementor-invisible elementor-widget elementor-widget-heading\" data-id=\"570edaa\" data-element_type=\"widget\" id=\"plantasfotovoltaicas\" data-settings=\"{&quot;_animation&quot;:&quot;fadeInRight&quot;}\" data-widget_type=\"heading.default\">\n\t\t\t\t<div class=\"elementor-widget-container\">\n\t\t\t\t\t<h2 class=\"elementor-heading-title elementor-size-default\">Centrais fotovoltaicas<\/h2>\t\t\t\t<\/div>\n\t\t\t\t<\/div>\n\t\t\t\t<\/div>\n\t\t<div class=\"elementor-element elementor-element-ec746d8 e-con-full e-flex e-con e-child\" data-id=\"ec746d8\" data-element_type=\"container\">\n\t\t\t\t<div class=\"elementor-element elementor-element-a9473e7 elementor-widget__width-initial elementor-widget elementor-widget-text-editor\" data-id=\"a9473e7\" data-element_type=\"widget\" data-widget_type=\"text-editor.default\">\n\t\t\t\t<div class=\"elementor-widget-container\">\n\t\t\t\t\t\t\t\t\t<p><span style=\"color: #000000;\">Na Lowind<\/span>, <span style=\"color: #76ab1d;\">acreditamos<\/span><span style=\"color: #000000;\"> na energia renov\u00e1vel<\/span>,<span style=\"color: #000000;\"> e a energia solar<\/span> <span style=\"color: #76ab1d;\">oferece <\/span><span style=\"color: #000000;\">uma infinidade de benef\u00edcios \u00e0 sociedade, ao ambiente e \u00e0s empresas.<\/span><\/p>\n\t\t\t\t\t\t\t\t<\/div>\n\t\t\t\t<\/div>\n\t\t\t\t<\/div>\n\t\t<div class=\"elementor-element elementor-element-5d007d5 e-con-full e-flex e-con e-child\" data-id=\"5d007d5\" data-element_type=\"container\">\n\t\t<div class=\"elementor-element elementor-element-5a14d6d e-con-full e-flex e-con e-child\" data-id=\"5a14d6d\" data-element_type=\"container\">\n\t\t\t\t<div class=\"elementor-element elementor-element-ce8cfb9 elementor-widget__width-initial elementor-widget elementor-widget-text-editor\" data-id=\"ce8cfb9\" data-element_type=\"widget\" data-widget_type=\"text-editor.default\">\n\t\t\t\t<div class=\"elementor-widget-container\">\n\t\t\t\t\t\t\t\t\t<p>Por ello contamos con el equipo especializado para desarrollar plantas fotovoltaicas y otro tipo de proyectos industriales como, por ejemplo:<\/p>\n<ul>\n<li>Montagem do primeiro prot\u00f3tipo de eletrolisador para produ\u00e7\u00e3o de hidrog\u00e9nio para a Nordex<\/li>\n<li>Montagem de estruturas met\u00e1licas e revestimentos na Central de Biomassa de Logros\u00e1n<\/li>\n<\/ul>\n<p>Tal como noutras \u00e1reas de neg\u00f3cio, oferecemos a possibilidade de realizar manuten\u00e7\u00f5es preventivas e corretivas.<\/p>\n\t\t\t\t\t\t\t\t<\/div>\n\t\t\t\t<\/div>\n\t\t\t\t<\/div>\n\t\t<div class=\"elementor-element elementor-element-c11b7ea e-con-full e-flex e-con e-child\" data-id=\"c11b7ea\" data-element_type=\"container\">\n\t\t\t\t<div class=\"elementor-element elementor-element-f8b597e elementor-invisible elementor-widget elementor-widget-image\" data-id=\"f8b597e\" data-element_type=\"widget\" data-settings=\"{&quot;_animation&quot;:&quot;fadeIn&quot;,&quot;_animation_delay&quot;:400}\" data-widget_type=\"image.default\">\n\t\t\t\t<div class=\"elementor-widget-container\">\n\t\t\t\t\t\t\t\t\t\t\t\t\t\t\t<img fetchpriority=\"high\" decoding=\"async\" width=\"686\" height=\"412\" src=\"https:\/\/www.lowind.es\/wp-content\/uploads\/2024\/08\/servicios.webp\" class=\"attachment-large size-large wp-image-2125\" alt=\"\" srcset=\"https:\/\/www.lowind.es\/wp-content\/uploads\/2024\/08\/servicios.webp 686w, https:\/\/www.lowind.es\/wp-content\/uploads\/2024\/08\/servicios-300x180.webp 300w\" sizes=\"(max-width: 686px) 100vw, 686px\" \/>\t\t\t\t\t\t\t\t\t\t\t\t\t\t\t<\/div>\n\t\t\t\t<\/div>\n\t\t\t\t<\/div>\n\t\t\t\t<\/div>\n\t\t\t\t\t<\/div>\n\t\t\t\t<\/div>\n\t\t<div class=\"elementor-element elementor-element-d7e93ea e-flex e-con-boxed e-con e-parent\" data-id=\"d7e93ea\" data-element_type=\"container\" data-settings=\"{&quot;background_background&quot;:&quot;classic&quot;}\">\n\t\t\t\t\t<div class=\"e-con-inner\">\n\t\t<div class=\"elementor-element elementor-element-7aa5085 e-con-full e-flex e-con e-child\" data-id=\"7aa5085\" data-element_type=\"container\">\n\t\t\t\t<div class=\"elementor-element elementor-element-1ad379c elementor-invisible elementor-widget elementor-widget-heading\" data-id=\"1ad379c\" data-element_type=\"widget\" id=\"serviciondegrandescorrectivos\" data-settings=\"{&quot;_animation&quot;:&quot;fadeInRight&quot;}\" data-widget_type=\"heading.default\">\n\t\t\t\t<div class=\"elementor-widget-container\">\n\t\t\t\t\t<h2 class=\"elementor-heading-title elementor-size-default\">Grandes Servi\u00e7os Corretivos \/ Desmontagem<\/h2>\t\t\t\t<\/div>\n\t\t\t\t<\/div>\n\t\t\t\t<\/div>\n\t\t<div class=\"elementor-element elementor-element-12fcd04 e-con-full e-flex e-con e-child\" data-id=\"12fcd04\" data-element_type=\"container\">\n\t\t<div class=\"elementor-element elementor-element-e6ddebf e-con-full e-flex e-con e-child\" data-id=\"e6ddebf\" data-element_type=\"container\">\n\t\t\t\t<div class=\"elementor-element elementor-element-6b17dde elementor-invisible elementor-widget elementor-widget-image\" data-id=\"6b17dde\" data-element_type=\"widget\" data-settings=\"{&quot;_animation&quot;:&quot;fadeIn&quot;,&quot;_animation_delay&quot;:400}\" data-widget_type=\"image.default\">\n\t\t\t\t<div class=\"elementor-widget-container\">\n\t\t\t\t\t\t\t\t\t\t\t\t\t\t\t<img decoding=\"async\" width=\"578\" height=\"551\" src=\"https:\/\/www.lowind.es\/wp-content\/uploads\/2024\/08\/Rectangulo-5-copia-2-1.webp\" class=\"attachment-large size-large wp-image-2127\" alt=\"\" srcset=\"https:\/\/www.lowind.es\/wp-content\/uploads\/2024\/08\/Rectangulo-5-copia-2-1.webp 578w, https:\/\/www.lowind.es\/wp-content\/uploads\/2024\/08\/Rectangulo-5-copia-2-1-300x286.webp 300w\" sizes=\"(max-width: 578px) 100vw, 578px\" \/>\t\t\t\t\t\t\t\t\t\t\t\t\t\t\t<\/div>\n\t\t\t\t<\/div>\n\t\t\t\t<\/div>\n\t\t<div class=\"elementor-element elementor-element-62e322b e-con-full e-flex e-con e-child\" data-id=\"62e322b\" data-element_type=\"container\">\n\t\t\t\t<div class=\"elementor-element elementor-element-7969481 elementor-widget__width-initial elementor-widget elementor-widget-text-editor\" data-id=\"7969481\" data-element_type=\"widget\" data-widget_type=\"text-editor.default\">\n\t\t\t\t<div class=\"elementor-widget-container\">\n\t\t\t\t\t\t\t\t\t<p>Contamos com especialistas em grandes repara\u00e7\u00f5es e desmontagens completas para oferecer solu\u00e7\u00f5es completas aos nossos clientes:<\/p>\n<ul>\n<li>Substitui\u00e7\u00e3o do gerador<\/li>\n<li>Substitui\u00e7\u00e3o de transformador<\/li>\n<li>Desmontagem do Rotor<\/li>\n<li>Troca da caixa de velocidades<\/li>\n<li>Desmontagem de L\u00e2minas<\/li>\n<li>Substituindo o rolamento da l\u00e2mina<\/li>\n<\/ul>\n\t\t\t\t\t\t\t\t<\/div>\n\t\t\t\t<\/div>\n\t\t\t\t<\/div>\n\t\t\t\t<\/div>\n\t\t\t\t\t<\/div>\n\t\t\t\t<\/div>\n\t\t<div class=\"elementor-element elementor-element-2bd452c e-flex e-con-boxed e-con e-parent\" data-id=\"2bd452c\" data-element_type=\"container\">\n\t\t\t\t\t<div class=\"e-con-inner\">\n\t\t<div class=\"elementor-element elementor-element-3037a92 e-con-full e-flex e-con e-child\" data-id=\"3037a92\" data-element_type=\"container\">\n\t\t\t\t<div class=\"elementor-element elementor-element-97643d1 elementor-invisible elementor-widget elementor-widget-heading\" data-id=\"97643d1\" data-element_type=\"widget\" id=\"serviciosdesupervision\" data-settings=\"{&quot;_animation&quot;:&quot;slideInRight&quot;}\" data-widget_type=\"heading.default\">\n\t\t\t\t<div class=\"elementor-widget-container\">\n\t\t\t\t\t<h2 class=\"elementor-heading-title elementor-size-default\">Servi\u00e7os de Supervis\u00e3o<\/h2>\t\t\t\t<\/div>\n\t\t\t\t<\/div>\n\t\t\t\t<\/div>\n\t\t<div class=\"elementor-element elementor-element-d4eb82e e-con-full e-flex e-con e-child\" data-id=\"d4eb82e\" data-element_type=\"container\">\n\t\t\t\t<div class=\"elementor-element elementor-element-d0e6632 elementor-widget__width-initial elementor-widget elementor-widget-text-editor\" data-id=\"d0e6632\" data-element_type=\"widget\" data-widget_type=\"text-editor.default\">\n\t\t\t\t<div class=\"elementor-widget-container\">\n\t\t\t\t\t\t\t\t\t<span style=\"color: #000000;\">Gra\u00e7as \u00e0 nossa <span style=\"color: #76ab1d;\">vasta experi\u00eancia<\/span> em projetos de instala\u00e7\u00e3o de parques e\u00f3licos, oferecemos aos nossos clientes servi\u00e7os de supervis\u00e3o, inspe\u00e7\u00e3o e assist\u00eancia t\u00e9cnica em diversas \u00e1reas para garantir a qualidade, seguran\u00e7a e prote\u00e7\u00e3o ambiental. <\/span>\n\n\t\t\t\t\t\t\t\t<\/div>\n\t\t\t\t<\/div>\n\t\t\t\t<\/div>\n\t\t<div class=\"elementor-element elementor-element-9d6cab3 e-con-full e-flex e-con e-child\" data-id=\"9d6cab3\" data-element_type=\"container\">\n\t\t<div class=\"elementor-element elementor-element-b7e773f e-con-full e-flex e-con e-child\" data-id=\"b7e773f\" data-element_type=\"container\">\n\t\t\t\t<\/div>\n\t\t<div class=\"elementor-element elementor-element-f8aecf5 e-con-full e-flex e-con e-child\" data-id=\"f8aecf5\" data-element_type=\"container\">\n\t\t\t\t<div class=\"elementor-element elementor-element-efc6c3e elementor-invisible elementor-widget elementor-widget-image\" data-id=\"efc6c3e\" data-element_type=\"widget\" data-settings=\"{&quot;_animation&quot;:&quot;fadeIn&quot;,&quot;_animation_delay&quot;:400}\" data-widget_type=\"image.default\">\n\t\t\t\t<div class=\"elementor-widget-container\">\n\t\t\t\t\t\t\t\t\t\t\t\t\t\t\t<img decoding=\"async\" width=\"686\" height=\"412\" src=\"https:\/\/www.lowind.es\/wp-content\/uploads\/2024\/08\/Rectangulo-4-copia-2.webp\" class=\"attachment-large size-large wp-image-2129\" alt=\"\" srcset=\"https:\/\/www.lowind.es\/wp-content\/uploads\/2024\/08\/Rectangulo-4-copia-2.webp 686w, https:\/\/www.lowind.es\/wp-content\/uploads\/2024\/08\/Rectangulo-4-copia-2-300x180.webp 300w\" sizes=\"(max-width: 686px) 100vw, 686px\" \/>\t\t\t\t\t\t\t\t\t\t\t\t\t\t\t<\/div>\n\t\t\t\t<\/div>\n\t\t\t\t<\/div>\n\t\t\t\t<\/div>\n\t\t\t\t\t<\/div>\n\t\t\t\t<\/div>\n\t\t\t\t<\/div>\n\t\t","protected":false},"excerpt":{"rendered":"<p>A empresa Centrais fotovoltaicas Na Lowind, acreditamos na energia renov\u00e1vel, e a energia solar oferece uma infinidade de benef\u00edcios \u00e0 sociedade, ao ambiente e \u00e0s empresas. Por ello contamos con el equipo especializado para desarrollar plantas fotovoltaicas y otro tipo de proyectos industriales como, por ejemplo: Montagem do primeiro prot\u00f3tipo de eletrolisador para produ\u00e7\u00e3o de [&hellip;]<\/p>\n","protected":false},"author":1,"featured_media":0,"parent":0,"menu_order":0,"comment_status":"closed","ping_status":"closed","template":"","meta":{"footnotes":""},"class_list":["post-3125","page","type-page","status-publish","hentry"],"_links":{"self":[{"href":"https:\/\/www.lowind.es\/pt-pt\/wp-json\/wp\/v2\/pages\/3125","targetHints":{"allow":["GET"]}}],"collection":[{"href":"https:\/\/www.lowind.es\/pt-pt\/wp-json\/wp\/v2\/pages"}],"about":[{"href":"https:\/\/www.lowind.es\/pt-pt\/wp-json\/wp\/v2\/types\/page"}],"author":[{"embeddable":true,"href":"https:\/\/www.lowind.es\/pt-pt\/wp-json\/wp\/v2\/users\/1"}],"replies":[{"embeddable":true,"href":"https:\/\/www.lowind.es\/pt-pt\/wp-json\/wp\/v2\/comments?post=3125"}],"version-history":[{"count":1,"href":"https:\/\/www.lowind.es\/pt-pt\/wp-json\/wp\/v2\/pages\/3125\/revisions"}],"predecessor-version":[{"id":3126,"href":"https:\/\/www.lowind.es\/pt-pt\/wp-json\/wp\/v2\/pages\/3125\/revisions\/3126"}],"wp:attachment":[{"href":"https:\/\/www.lowind.es\/pt-pt\/wp-json\/wp\/v2\/media?parent=3125"}],"curies":[{"name":"wp","href":"https:\/\/api.w.org\/{rel}","templated":true}]}}