{"id":3121,"date":"2024-08-20T10:04:36","date_gmt":"2024-08-20T08:04:36","guid":{"rendered":"https:\/\/www.lowind.es\/politica-de-privacidade\/"},"modified":"2025-09-11T09:02:57","modified_gmt":"2025-09-11T07:02:57","slug":"politica-de-privacidade","status":"publish","type":"page","link":"https:\/\/www.lowind.es\/pt-pt\/politica-de-privacidade\/","title":{"rendered":"pol\u00edtica de Privacidade"},"content":{"rendered":"\t\t<div data-elementor-type=\"wp-page\" data-elementor-id=\"3121\" class=\"elementor elementor-3121 elementor-3\" data-elementor-post-type=\"page\">\n\t\t\t\t<div class=\"elementor-element elementor-element-f738f55 e-flex e-con-boxed e-con e-parent\" data-id=\"f738f55\" data-element_type=\"container\" data-settings=\"{&quot;background_background&quot;:&quot;classic&quot;}\">\n\t\t\t\t\t<div class=\"e-con-inner\">\n\t\t\t\t<div class=\"elementor-element elementor-element-e402725 elementor-invisible elementor-widget elementor-widget-heading\" data-id=\"e402725\" data-element_type=\"widget\" data-settings=\"{&quot;_animation&quot;:&quot;fadeInUp&quot;}\" data-widget_type=\"heading.default\">\n\t\t\t\t<div class=\"elementor-widget-container\">\n\t\t\t\t\t<h1 class=\"elementor-heading-title elementor-size-default\">pol\u00edtica de Privacidade<\/h1>\t\t\t\t<\/div>\n\t\t\t\t<\/div>\n\t\t\t\t\t<\/div>\n\t\t\t\t<\/div>\n\t\t<div class=\"elementor-element elementor-element-0850750 e-flex e-con-boxed e-con e-parent\" data-id=\"0850750\" data-element_type=\"container\">\n\t\t\t\t\t<div class=\"e-con-inner\">\n\t\t\t\t<div class=\"elementor-element elementor-element-cc737c1 elementor-widget elementor-widget-text-editor\" data-id=\"cc737c1\" data-element_type=\"widget\" data-widget_type=\"text-editor.default\">\n\t\t\t\t<div class=\"elementor-widget-container\">\n\t\t\t\t\t\t\t\t\t<p>A sua privacidade \u00e9 importante para n\u00f3s. Esta Pol\u00edtica de Privacidade abrange o que recolhemos e como utilizamos, divulgamos, transferimos e armazenamos as suas informa\u00e7\u00f5es. <\/p>\n\t\t\t\t\t\t\t\t<\/div>\n\t\t\t\t<\/div>\n\t\t\t\t\t<\/div>\n\t\t\t\t<\/div>\n\t\t<div class=\"elementor-element elementor-element-cbfe1a0 e-flex e-con-boxed e-con e-parent\" data-id=\"cbfe1a0\" data-element_type=\"container\">\n\t\t\t\t\t<div class=\"e-con-inner\">\n\t\t\t\t<div class=\"elementor-element elementor-element-9a9ac77 elementor-widget elementor-widget-heading\" data-id=\"9a9ac77\" data-element_type=\"widget\" data-widget_type=\"heading.default\">\n\t\t\t\t<div class=\"elementor-widget-container\">\n\t\t\t\t\t<h2 class=\"elementor-heading-title elementor-size-default\">1. Identidade da SISTEMAS EL\u00c9CTRICOS LOWIND, S.L.<\/h2>\t\t\t\t<\/div>\n\t\t\t\t<\/div>\n\t\t\t\t\t<\/div>\n\t\t\t\t<\/div>\n\t\t<div class=\"elementor-element elementor-element-79006e2 e-flex e-con-boxed e-con e-parent\" data-id=\"79006e2\" data-element_type=\"container\">\n\t\t\t\t\t<div class=\"e-con-inner\">\n\t\t\t\t<div class=\"elementor-element elementor-element-f40c99c elementor-widget elementor-widget-text-editor\" data-id=\"f40c99c\" data-element_type=\"widget\" data-widget_type=\"text-editor.default\">\n\t\t\t\t<div class=\"elementor-widget-container\">\n\t\t\t\t\t\t\t\t\t<p>Caso tenha alguma d\u00favida sobre esta Pol\u00edtica de Privacidade, por favor contacte-nos para:<\/p>\n<ul>\n<li>SISTEMAS ELECTRICOS LOWIND, S.L.<\/li>\n<li>C.I.F. B 31961618<\/li>\n<li>POLIGONO INDUSTRIAL ARETA,<\/li>\n<li>C\/ IRUMUGA, N\u00ba 1<\/li>\n<li>31620 HUARTE (Navarra)<\/li>\n<li>E-mail: <a href=\"mailto:lowind@www.lowind.es\">lowind@www.lowind.es<\/a><\/li>\n<li>Telefone: 948 346194<\/li>\n<\/ul>\t\t\t\t\t\t\t\t<\/div>\n\t\t\t\t<\/div>\n\t\t\t\t\t<\/div>\n\t\t\t\t<\/div>\n\t\t<div class=\"elementor-element elementor-element-25ddc09 e-flex e-con-boxed e-con e-parent\" data-id=\"25ddc09\" data-element_type=\"container\">\n\t\t\t\t\t<div class=\"e-con-inner\">\n\t\t\t\t<div class=\"elementor-element elementor-element-2b467b2 elementor-widget elementor-widget-heading\" data-id=\"2b467b2\" data-element_type=\"widget\" data-widget_type=\"heading.default\">\n\t\t\t\t<div class=\"elementor-widget-container\">\n\t\t\t\t\t<h2 class=\"elementor-heading-title elementor-size-default\">2. Que informa\u00e7\u00f5es recolhemos?<\/h2>\t\t\t\t<\/div>\n\t\t\t\t<\/div>\n\t\t\t\t\t<\/div>\n\t\t\t\t<\/div>\n\t\t<div class=\"elementor-element elementor-element-5755fb3 e-flex e-con-boxed e-con e-parent\" data-id=\"5755fb3\" data-element_type=\"container\">\n\t\t\t\t\t<div class=\"e-con-inner\">\n\t\t\t\t<div class=\"elementor-element elementor-element-725c338 elementor-widget elementor-widget-text-editor\" data-id=\"725c338\" data-element_type=\"widget\" data-widget_type=\"text-editor.default\">\n\t\t\t\t<div class=\"elementor-widget-container\">\n\t\t\t\t\t\t\t\t\t<p>Pode visitar o nosso site anonimamente.<\/p>\n\t\t\t\t\t\t\t\t<\/div>\n\t\t\t\t<\/div>\n\t\t\t\t\t<\/div>\n\t\t\t\t<\/div>\n\t\t<div class=\"elementor-element elementor-element-908599c e-flex e-con-boxed e-con e-parent\" data-id=\"908599c\" data-element_type=\"container\">\n\t\t\t\t\t<div class=\"e-con-inner\">\n\t\t\t\t<div class=\"elementor-element elementor-element-51b79b8 elementor-widget elementor-widget-text-editor\" data-id=\"51b79b8\" data-element_type=\"widget\" data-widget_type=\"text-editor.default\">\n\t\t\t\t<div class=\"elementor-widget-container\">\n\t\t\t\t\t\t\t\t\t<ol>\n<li>Tamb\u00e9m nos pode enviar uma mensagem usando a op\u00e7\u00e3o &#8220;contacto&#8221;. Para isso, precisamos de recolher algumas informa\u00e7\u00f5es b\u00e1sicas de contacto: nome e e-mail. <\/li>\n<li>Se est\u00e1 \u00e0 procura de emprego, pode enviar-nos o seu curr\u00edculo atrav\u00e9s da op\u00e7\u00e3o &#8220;empregos&#8221;, juntamente com as suas informa\u00e7\u00f5es b\u00e1sicas: nome, apelido, endere\u00e7o de e-mail e n\u00famero de telefone.<\/li>\n<\/ol>\t\t\t\t\t\t\t\t<\/div>\n\t\t\t\t<\/div>\n\t\t\t\t\t<\/div>\n\t\t\t\t<\/div>\n\t\t<div class=\"elementor-element elementor-element-59b9afc e-flex e-con-boxed e-con e-parent\" data-id=\"59b9afc\" data-element_type=\"container\">\n\t\t\t\t\t<div class=\"e-con-inner\">\n\t\t\t\t<div class=\"elementor-element elementor-element-6a3687b elementor-widget elementor-widget-heading\" data-id=\"6a3687b\" data-element_type=\"widget\" data-widget_type=\"heading.default\">\n\t\t\t\t<div class=\"elementor-widget-container\">\n\t\t\t\t\t<h2 class=\"elementor-heading-title elementor-size-default\">3. Quais os prop\u00f3sitos?<\/h2>\t\t\t\t<\/div>\n\t\t\t\t<\/div>\n\t\t\t\t\t<\/div>\n\t\t\t\t<\/div>\n\t\t<div class=\"elementor-element elementor-element-6c90818 e-flex e-con-boxed e-con e-parent\" data-id=\"6c90818\" data-element_type=\"container\">\n\t\t\t\t\t<div class=\"e-con-inner\">\n\t\t\t\t<div class=\"elementor-element elementor-element-12d176f elementor-widget elementor-widget-text-editor\" data-id=\"12d176f\" data-element_type=\"widget\" data-widget_type=\"text-editor.default\">\n\t\t\t\t<div class=\"elementor-widget-container\">\n\t\t\t\t\t\t\t\t\t<ol>\n<li>\u201cContacto\u201d: O nosso objetivo \u00e9 estabelecer um canal de comunica\u00e7\u00e3o consigo e poder responder \u00e0s suas quest\u00f5es ou atender ao seu pedido.<\/li>\n<li>\u201cEmprego\u201d: recolher dados para preencher potenciais vagas na nossa empresa ou empresas do setor.<\/li>\n<\/ol>\t\t\t\t\t\t\t\t<\/div>\n\t\t\t\t<\/div>\n\t\t\t\t\t<\/div>\n\t\t\t\t<\/div>\n\t\t<div class=\"elementor-element elementor-element-9b44639 e-flex e-con-boxed e-con e-parent\" data-id=\"9b44639\" data-element_type=\"container\">\n\t\t\t\t\t<div class=\"e-con-inner\">\n\t\t\t\t<div class=\"elementor-element elementor-element-45e3553 elementor-widget elementor-widget-heading\" data-id=\"45e3553\" data-element_type=\"widget\" data-widget_type=\"heading.default\">\n\t\t\t\t<div class=\"elementor-widget-container\">\n\t\t\t\t\t<h2 class=\"elementor-heading-title elementor-size-default\">4. Base jur\u00eddica.<\/h2>\t\t\t\t<\/div>\n\t\t\t\t<\/div>\n\t\t\t\t\t<\/div>\n\t\t\t\t<\/div>\n\t\t<div class=\"elementor-element elementor-element-4e8348f e-flex e-con-boxed e-con e-parent\" data-id=\"4e8348f\" data-element_type=\"container\">\n\t\t\t\t\t<div class=\"e-con-inner\">\n\t\t\t\t<div class=\"elementor-element elementor-element-0ef45a6 elementor-widget elementor-widget-text-editor\" data-id=\"0ef45a6\" data-element_type=\"widget\" data-widget_type=\"text-editor.default\">\n\t\t\t\t<div class=\"elementor-widget-container\">\n\t\t\t\t\t\t\t\t\t<p>O tratamento dos seus dados baseia-se no seu consentimento. Pode revog\u00e1-lo a qualquer momento, contactando-nos atrav\u00e9s das informa\u00e7\u00f5es fornecidas na sec\u00e7\u00e3o 1. <\/p>\n\t\t\t\t\t\t\t\t<\/div>\n\t\t\t\t<\/div>\n\t\t\t\t\t<\/div>\n\t\t\t\t<\/div>\n\t\t<div class=\"elementor-element elementor-element-4508409 e-flex e-con-boxed e-con e-parent\" data-id=\"4508409\" data-element_type=\"container\">\n\t\t\t\t\t<div class=\"e-con-inner\">\n\t\t\t\t<div class=\"elementor-element elementor-element-aec6ce2 elementor-widget elementor-widget-heading\" data-id=\"aec6ce2\" data-element_type=\"widget\" data-widget_type=\"heading.default\">\n\t\t\t\t<div class=\"elementor-widget-container\">\n\t\t\t\t\t<h2 class=\"elementor-heading-title elementor-size-default\">5.\u00ba Comunica\u00e7\u00e3o de dados a terceiros.<\/h2>\t\t\t\t<\/div>\n\t\t\t\t<\/div>\n\t\t\t\t\t<\/div>\n\t\t\t\t<\/div>\n\t\t<div class=\"elementor-element elementor-element-9dbb576 e-flex e-con-boxed e-con e-parent\" data-id=\"9dbb576\" data-element_type=\"container\">\n\t\t\t\t\t<div class=\"e-con-inner\">\n\t\t\t\t<div class=\"elementor-element elementor-element-bfd672b elementor-widget elementor-widget-text-editor\" data-id=\"bfd672b\" data-element_type=\"widget\" data-widget_type=\"text-editor.default\">\n\t\t\t\t<div class=\"elementor-widget-container\">\n\t\t\t\t\t\t\t\t\t<p>A SISTEMAS EL\u00c9CTRICOS LOWIND, S.L. informa os utilizadores que os seus dados pessoais n\u00e3o ser\u00e3o cedidos a terceiros, a menos que tal ced\u00eancia esteja suportada por uma obriga\u00e7\u00e3o legal.<\/p>\n<p>O CV que fornecer poder\u00e1 ser enviado para outras empresas do setor se tiver indicado isso ao enviar a sua informa\u00e7\u00e3o atrav\u00e9s do nosso site.<\/p>\t\t\t\t\t\t\t\t<\/div>\n\t\t\t\t<\/div>\n\t\t\t\t\t<\/div>\n\t\t\t\t<\/div>\n\t\t<div class=\"elementor-element elementor-element-b2afe09 e-flex e-con-boxed e-con e-parent\" data-id=\"b2afe09\" data-element_type=\"container\">\n\t\t\t\t\t<div class=\"e-con-inner\">\n\t\t\t\t<div class=\"elementor-element elementor-element-b74eea8 elementor-widget elementor-widget-heading\" data-id=\"b74eea8\" data-element_type=\"widget\" data-widget_type=\"heading.default\">\n\t\t\t\t<div class=\"elementor-widget-container\">\n\t\t\t\t\t<h2 class=\"elementor-heading-title elementor-size-default\">6.\u00ba Conserva\u00e7\u00e3o dos seus dados.<\/h2>\t\t\t\t<\/div>\n\t\t\t\t<\/div>\n\t\t\t\t\t<\/div>\n\t\t\t\t<\/div>\n\t\t<div class=\"elementor-element elementor-element-93b7a07 e-flex e-con-boxed e-con e-parent\" data-id=\"93b7a07\" data-element_type=\"container\">\n\t\t\t\t\t<div class=\"e-con-inner\">\n\t\t\t\t<div class=\"elementor-element elementor-element-8be45e0 elementor-widget elementor-widget-text-editor\" data-id=\"8be45e0\" data-element_type=\"widget\" data-widget_type=\"text-editor.default\">\n\t\t\t\t<div class=\"elementor-widget-container\">\n\t\t\t\t\t\t\t\t\t<p>Conservaremos os seus dados enquanto o utilizador n\u00e3o solicitar a sua elimina\u00e7\u00e3o.<\/p>\n\t\t\t\t\t\t\t\t<\/div>\n\t\t\t\t<\/div>\n\t\t\t\t\t<\/div>\n\t\t\t\t<\/div>\n\t\t<div class=\"elementor-element elementor-element-81831fd e-flex e-con-boxed e-con e-parent\" data-id=\"81831fd\" data-element_type=\"container\">\n\t\t\t\t\t<div class=\"e-con-inner\">\n\t\t\t\t<div class=\"elementor-element elementor-element-e7968b0 elementor-widget elementor-widget-heading\" data-id=\"e7968b0\" data-element_type=\"widget\" data-widget_type=\"heading.default\">\n\t\t\t\t<div class=\"elementor-widget-container\">\n\t\t\t\t\t<h2 class=\"elementor-heading-title elementor-size-default\">7. Quais s\u00e3o os seus direitos quando nos fornece os seus dados?<\/h2>\t\t\t\t<\/div>\n\t\t\t\t<\/div>\n\t\t\t\t\t<\/div>\n\t\t\t\t<\/div>\n\t\t<div class=\"elementor-element elementor-element-1c4f35a e-flex e-con-boxed e-con e-parent\" data-id=\"1c4f35a\" data-element_type=\"container\">\n\t\t\t\t\t<div class=\"e-con-inner\">\n\t\t\t\t<div class=\"elementor-element elementor-element-aa99707 elementor-widget elementor-widget-text-editor\" data-id=\"aa99707\" data-element_type=\"widget\" data-widget_type=\"text-editor.default\">\n\t\t\t\t<div class=\"elementor-widget-container\">\n\t\t\t\t\t\t\t\t\t<p>Qualquer pessoa tem o direito de obter confirma\u00e7\u00e3o sobre se a SISTEMAS ELECTRICOS LOWIND, S.L. est\u00e1 a tratar os seus dados pessoais. Nesse caso, tem o direito de solicitar a retifica\u00e7\u00e3o de dados incorretos ou, se for caso disso, de solicitar a sua elimina\u00e7\u00e3o ou a restri\u00e7\u00e3o de utiliza\u00e7\u00e3o quando, entre outros motivos, os seus dados j\u00e1 n\u00e3o sejam necess\u00e1rios para os fins para os quais foram recolhidos. <\/p>\n\t\t\t\t\t\t\t\t<\/div>\n\t\t\t\t<\/div>\n\t\t\t\t\t<\/div>\n\t\t\t\t<\/div>\n\t\t\t\t<\/div>\n\t\t","protected":false},"excerpt":{"rendered":"<p>pol\u00edtica de Privacidade A sua privacidade \u00e9 importante para n\u00f3s. Esta Pol\u00edtica de Privacidade abrange o que recolhemos e como utilizamos, divulgamos, transferimos e armazenamos as suas informa\u00e7\u00f5es. 1. Identidade da SISTEMAS EL\u00c9CTRICOS LOWIND, S.L. Caso tenha alguma d\u00favida sobre esta Pol\u00edtica de Privacidade, por favor contacte-nos para: SISTEMAS ELECTRICOS LOWIND, S.L. C.I.F. B 31961618 [&hellip;]<\/p>\n","protected":false},"author":1,"featured_media":0,"parent":0,"menu_order":0,"comment_status":"closed","ping_status":"open","template":"","meta":{"footnotes":""},"class_list":["post-3121","page","type-page","status-publish","hentry"],"_links":{"self":[{"href":"https:\/\/www.lowind.es\/pt-pt\/wp-json\/wp\/v2\/pages\/3121","targetHints":{"allow":["GET"]}}],"collection":[{"href":"https:\/\/www.lowind.es\/pt-pt\/wp-json\/wp\/v2\/pages"}],"about":[{"href":"https:\/\/www.lowind.es\/pt-pt\/wp-json\/wp\/v2\/types\/page"}],"author":[{"embeddable":true,"href":"https:\/\/www.lowind.es\/pt-pt\/wp-json\/wp\/v2\/users\/1"}],"replies":[{"embeddable":true,"href":"https:\/\/www.lowind.es\/pt-pt\/wp-json\/wp\/v2\/comments?post=3121"}],"version-history":[{"count":1,"href":"https:\/\/www.lowind.es\/pt-pt\/wp-json\/wp\/v2\/pages\/3121\/revisions"}],"predecessor-version":[{"id":3122,"href":"https:\/\/www.lowind.es\/pt-pt\/wp-json\/wp\/v2\/pages\/3121\/revisions\/3122"}],"wp:attachment":[{"href":"https:\/\/www.lowind.es\/pt-pt\/wp-json\/wp\/v2\/media?parent=3121"}],"curies":[{"name":"wp","href":"https:\/\/api.w.org\/{rel}","templated":true}]}}