{"id":2204,"date":"2024-08-21T09:05:16","date_gmt":"2024-08-21T07:05:16","guid":{"rendered":"https:\/\/www.lowind.es\/emprego\/"},"modified":"2025-09-10T16:24:43","modified_gmt":"2025-09-10T14:24:43","slug":"emprego","status":"publish","type":"page","link":"https:\/\/www.lowind.es\/pt-pt\/emprego\/","title":{"rendered":"Emprego"},"content":{"rendered":"\t\t<div data-elementor-type=\"wp-page\" data-elementor-id=\"2204\" class=\"elementor elementor-2204 elementor-93\" data-elementor-post-type=\"page\">\n\t\t\t\t<div class=\"elementor-element elementor-element-afc81a2 e-flex e-con-boxed e-con e-parent\" data-id=\"afc81a2\" data-element_type=\"container\" data-settings=\"{&quot;background_background&quot;:&quot;classic&quot;}\">\n\t\t\t\t\t<div class=\"e-con-inner\">\n\t\t\t\t<div class=\"elementor-element elementor-element-0c9e069 elementor-invisible elementor-widget elementor-widget-heading\" data-id=\"0c9e069\" data-element_type=\"widget\" data-settings=\"{&quot;_animation&quot;:&quot;fadeInUp&quot;}\" data-widget_type=\"heading.default\">\n\t\t\t\t<div class=\"elementor-widget-container\">\n\t\t\t\t\t<h1 class=\"elementor-heading-title elementor-size-default\">Emprego<\/h1>\t\t\t\t<\/div>\n\t\t\t\t<\/div>\n\t\t\t\t\t<\/div>\n\t\t\t\t<\/div>\n\t\t<div class=\"elementor-element elementor-element-94cead1 e-flex e-con-boxed e-con e-parent\" data-id=\"94cead1\" data-element_type=\"container\">\n\t\t\t\t\t<div class=\"e-con-inner\">\n\t\t<div class=\"elementor-element elementor-element-3d1ea45 e-con-full e-flex e-con e-child\" data-id=\"3d1ea45\" data-element_type=\"container\">\n\t\t\t\t<div class=\"elementor-element elementor-element-e9707ea elementor-invisible elementor-widget elementor-widget-heading\" data-id=\"e9707ea\" data-element_type=\"widget\" data-settings=\"{&quot;_animation&quot;:&quot;fadeInRight&quot;}\" data-widget_type=\"heading.default\">\n\t\t\t\t<div class=\"elementor-widget-container\">\n\t\t\t\t\t<h2 class=\"elementor-heading-title elementor-size-default\">Uma grande equipa<\/h2>\t\t\t\t<\/div>\n\t\t\t\t<\/div>\n\t\t\t\t<\/div>\n\t\t<div class=\"elementor-element elementor-element-32cf45c e-con-full e-flex e-con e-child\" data-id=\"32cf45c\" data-element_type=\"container\">\n\t\t<div class=\"elementor-element elementor-element-a9b0c7f e-con-full e-flex e-con e-child\" data-id=\"a9b0c7f\" data-element_type=\"container\">\n\t\t\t\t<div class=\"elementor-element elementor-element-61a6b27 elementor-widget__width-initial elementor-widget elementor-widget-text-editor\" data-id=\"61a6b27\" data-element_type=\"widget\" data-widget_type=\"text-editor.default\">\n\t\t\t\t<div class=\"elementor-widget-container\">\n\t\t\t\t\t\t\t\t\t<span style=\"color: #000000;\">Podes enviar-nos o teu <\/span><span class=\"fade-in\" style=\"color: #ffffff; background-color: #4c565f; border-radius: 25px; padding: 0 20px;\">CV<\/span><span style=\"color: #000000;\">para te juntares \u00e0 nossa equipa <\/span><span style=\"color: #76ab1d;\">a nossa equipa <\/span> \t\t\t\t\t\t\t\t<\/div>\n\t\t\t\t<\/div>\n\t\t\t\t<div class=\"elementor-element elementor-element-194f048 elementor-widget elementor-widget-text-editor\" data-id=\"194f048\" data-element_type=\"widget\" data-widget_type=\"text-editor.default\">\n\t\t\t\t<div class=\"elementor-widget-container\">\n\t\t\t\t\t\t\t\t\t<p><strong>Preenche os teus dados e anexa o teu CV<\/strong>. <\/p>\n<p> Ser\u00e1s adicionado como um dos poss\u00edveis candidatos \u00e0s nossas ofertas de emprego.<\/p>\n\t\t\t\t\t\t\t\t<\/div>\n\t\t\t\t<\/div>\n\t\t\t\t<\/div>\n\t\t\t\t<div class=\"elementor-element elementor-element-b5fce6b elementor-invisible elementor-widget elementor-widget-image\" data-id=\"b5fce6b\" data-element_type=\"widget\" data-settings=\"{&quot;_animation&quot;:&quot;fadeIn&quot;,&quot;_animation_delay&quot;:400}\" data-widget_type=\"image.default\">\n\t\t\t\t<div class=\"elementor-widget-container\">\n\t\t\t\t\t\t\t\t\t\t\t\t\t\t\t<img fetchpriority=\"high\" decoding=\"async\" width=\"800\" height=\"629\" src=\"https:\/\/www.lowind.es\/wp-content\/uploads\/2024\/08\/empleo-1024x805.webp\" class=\"attachment-large size-large wp-image-2133\" alt=\"\" srcset=\"https:\/\/www.lowind.es\/wp-content\/uploads\/2024\/08\/empleo-1024x805.webp 1024w, https:\/\/www.lowind.es\/wp-content\/uploads\/2024\/08\/empleo-300x236.webp 300w, https:\/\/www.lowind.es\/wp-content\/uploads\/2024\/08\/empleo-768x604.webp 768w, https:\/\/www.lowind.es\/wp-content\/uploads\/2024\/08\/empleo.webp 1095w\" sizes=\"(max-width: 800px) 100vw, 800px\" \/>\t\t\t\t\t\t\t\t\t\t\t\t\t\t\t<\/div>\n\t\t\t\t<\/div>\n\t\t\t\t<\/div>\n\t\t\t\t\t<\/div>\n\t\t\t\t<\/div>\n\t\t<div class=\"elementor-element elementor-element-f2af6b3 e-flex e-con-boxed e-con e-parent\" data-id=\"f2af6b3\" data-element_type=\"container\" data-settings=\"{&quot;background_background&quot;:&quot;classic&quot;}\">\n\t\t\t\t\t<div class=\"e-con-inner\">\n\t\t<div class=\"elementor-element elementor-element-ca9bb08 e-con-full e-flex e-con e-child\" data-id=\"ca9bb08\" data-element_type=\"container\">\n\t\t\t\t<div class=\"elementor-element elementor-element-36bff32 elementor-widget__width-initial elementor-invisible elementor-widget elementor-widget-heading\" data-id=\"36bff32\" data-element_type=\"widget\" id=\"cv\" data-settings=\"{&quot;_animation&quot;:&quot;headShake&quot;}\" data-widget_type=\"heading.default\">\n\t\t\t\t<div class=\"elementor-widget-container\">\n\t\t\t\t\t<h2 class=\"elementor-heading-title elementor-size-default\">Envia-nos o teu CV<\/h2>\t\t\t\t<\/div>\n\t\t\t\t<\/div>\n\t\t\t\t<\/div>\n\t\t<div class=\"elementor-element elementor-element-188d380 e-con-full e-flex e-con e-child\" data-id=\"188d380\" data-element_type=\"container\">\n\t\t\t\t<div class=\"elementor-element elementor-element-6e60bf7 elementor-button-align-start elementor-widget__width-initial elementor-widget elementor-widget-form\" data-id=\"6e60bf7\" data-element_type=\"widget\" data-settings=\"{&quot;step_next_label&quot;:&quot;Seguinte&quot;,&quot;step_previous_label&quot;:&quot;Anterior&quot;,&quot;step_type&quot;:&quot;number_text&quot;,&quot;step_icon_shape&quot;:&quot;circle&quot;}\" data-widget_type=\"form.default\">\n\t\t\t\t<div class=\"elementor-widget-container\">\n\t\t\t\t\t\t\t<form class=\"elementor-form\" method=\"post\" name=\"Novo formul\u00e1rio\" aria-label=\"Novo formul\u00e1rio\">\n\t\t\t<input type=\"hidden\" name=\"post_id\" value=\"2204\"\/>\n\t\t\t<input type=\"hidden\" name=\"form_id\" value=\"6e60bf7\"\/>\n\t\t\t<input type=\"hidden\" name=\"referer_title\" value=\"Emprego - Lowind\" \/>\n\n\t\t\t\t\t\t\t<input type=\"hidden\" name=\"queried_id\" value=\"2204\"\/>\n\t\t\t\n\t\t\t<div class=\"elementor-form-fields-wrapper elementor-labels-above\">\n\t\t\t\t\t\t\t\t<div class=\"elementor-field-type-text elementor-field-group elementor-column elementor-field-group-name elementor-col-100\">\n\t\t\t\t\t\t\t\t\t\t\t\t\t<input size=\"1\" type=\"text\" name=\"form_fields[name]\" id=\"form-field-name\" class=\"elementor-field elementor-size-sm  elementor-field-textual\" placeholder=\"Nome* Nome* Nome* Nome* Nome* Nome* Nome* Nome* Nome* Nome* Nome* Nome* Nome\">\n\t\t\t\t\t\t\t\t\t\t\t<\/div>\n\t\t\t\t\t\t\t\t<div class=\"elementor-field-type-upload elementor-field-group elementor-column elementor-field-group-field_3b94349 elementor-col-100 elementor-field-required\">\n\t\t\t\t\t\t\t\t\t\t\t\t<label for=\"form-field-field_3b94349\" class=\"elementor-field-label\">\n\t\t\t\t\t\t\t\tAnexa o teu CV:\t\t\t\t\t\t\t<\/label>\n\t\t\t\t\t\t\t\t<input type=\"file\" name=\"form_fields[field_3b94349]\" id=\"form-field-field_3b94349\" class=\"elementor-field elementor-size-sm  elementor-upload-field\" required=\"required\">\n\n\t\t\t\t\t\t<\/div>\n\t\t\t\t\t\t\t\t<div class=\"elementor-field-type-email elementor-field-group elementor-column elementor-field-group-email elementor-col-100 elementor-field-required\">\n\t\t\t\t\t\t\t\t\t\t\t\t\t<input size=\"1\" type=\"email\" name=\"form_fields[email]\" id=\"form-field-email\" class=\"elementor-field elementor-size-sm  elementor-field-textual\" placeholder=\"Correio eletr\u00f3nico\" required=\"required\">\n\t\t\t\t\t\t\t\t\t\t\t<\/div>\n\t\t\t\t\t\t\t\t<div class=\"elementor-field-type-acceptance elementor-field-group elementor-column elementor-field-group-field_cbcccf5 elementor-col-100\">\n\t\t\t\t\t\t\t<div class=\"elementor-field-subgroup\">\n\t\t\t<span class=\"elementor-field-option\">\n\t\t\t\t<input type=\"checkbox\" name=\"form_fields[field_cbcccf5]\" id=\"form-field-field_cbcccf5\" class=\"elementor-field elementor-size-sm  elementor-acceptance-field\">\n\t\t\t\t<label for=\"form-field-field_cbcccf5\">Li e aceito a pol\u00edtica de privacidade<\/label>\t\t\t<\/span>\n\t\t<\/div>\n\t\t\t\t\t\t<\/div>\n\t\t\t\t\t\t\t\t<div class=\"elementor-field-type-email elementor-field-group elementor-column elementor-field-group-field_eb803ee elementor-col-100 elementor-field-required\">\n\t\t\t\t\t\t\t\t\t\t\t\t\t<input size=\"1\" type=\"email\" name=\"form_fields[field_eb803ee]\" id=\"form-field-field_eb803ee\" class=\"elementor-field elementor-size-sm  elementor-field-textual\" placeholder=\"Apelido* Apelido* Apelido* Apelido* Apelido* Apelido* Apelido* Apelido\" required=\"required\">\n\t\t\t\t\t\t\t\t\t\t\t<\/div>\n\t\t\t\t\t\t\t\t<div class=\"elementor-field-type-email elementor-field-group elementor-column elementor-field-group-field_42afe7b elementor-col-20\">\n\t\t\t\t\t\t\t\t\t\t\t\t\t<input size=\"1\" type=\"email\" name=\"form_fields[field_42afe7b]\" id=\"form-field-field_42afe7b\" class=\"elementor-field elementor-size-sm  elementor-field-textual\">\n\t\t\t\t\t\t\t\t\t\t\t<\/div>\n\t\t\t\t\t\t\t\t<div class=\"elementor-field-type-email elementor-field-group elementor-column elementor-field-group-field_5be2190 elementor-col-100 elementor-field-required\">\n\t\t\t\t\t\t\t\t\t\t\t\t\t<input size=\"1\" type=\"email\" name=\"form_fields[field_5be2190]\" id=\"form-field-field_5be2190\" class=\"elementor-field elementor-size-sm  elementor-field-textual\" placeholder=\"Telefone\" required=\"required\">\n\t\t\t\t\t\t\t\t\t\t\t<\/div>\n\t\t\t\t\t\t\t\t<div class=\"elementor-field-group elementor-column elementor-field-type-submit elementor-col-100 e-form__buttons\">\n\t\t\t\t\t<button class=\"elementor-button elementor-size-sm\" type=\"submit\">\n\t\t\t\t\t\t<span class=\"elementor-button-content-wrapper\">\n\t\t\t\t\t\t\t\t\t\t\t\t\t\t\t\t\t\t\t\t\t\t<span class=\"elementor-button-text\">Envia o teu CV<\/span>\n\t\t\t\t\t\t\t\t\t\t\t\t\t<\/span>\n\t\t\t\t\t<\/button>\n\t\t\t\t<\/div>\n\t\t\t<\/div>\n\t\t<\/form>\n\t\t\t\t\t\t<\/div>\n\t\t\t\t<\/div>\n\t\t\t\t<\/div>\n\t\t\t\t\t<\/div>\n\t\t\t\t<\/div>\n\t\t\t\t<\/div>\n\t\t","protected":false},"excerpt":{"rendered":"<p>Emprego Uma grande equipa Podes enviar-nos o teu CVpara te juntares \u00e0 nossa equipa a nossa equipa Preenche os teus dados e anexa o teu CV. Ser\u00e1s adicionado como um dos poss\u00edveis candidatos \u00e0s nossas ofertas de emprego. Envia-nos o teu CV<\/p>\n","protected":false},"author":1,"featured_media":0,"parent":0,"menu_order":0,"comment_status":"closed","ping_status":"closed","template":"","meta":{"footnotes":""},"class_list":["post-2204","page","type-page","status-publish","hentry"],"_links":{"self":[{"href":"https:\/\/www.lowind.es\/pt-pt\/wp-json\/wp\/v2\/pages\/2204","targetHints":{"allow":["GET"]}}],"collection":[{"href":"https:\/\/www.lowind.es\/pt-pt\/wp-json\/wp\/v2\/pages"}],"about":[{"href":"https:\/\/www.lowind.es\/pt-pt\/wp-json\/wp\/v2\/types\/page"}],"author":[{"embeddable":true,"href":"https:\/\/www.lowind.es\/pt-pt\/wp-json\/wp\/v2\/users\/1"}],"replies":[{"embeddable":true,"href":"https:\/\/www.lowind.es\/pt-pt\/wp-json\/wp\/v2\/comments?post=2204"}],"version-history":[{"count":7,"href":"https:\/\/www.lowind.es\/pt-pt\/wp-json\/wp\/v2\/pages\/2204\/revisions"}],"predecessor-version":[{"id":3100,"href":"https:\/\/www.lowind.es\/pt-pt\/wp-json\/wp\/v2\/pages\/2204\/revisions\/3100"}],"wp:attachment":[{"href":"https:\/\/www.lowind.es\/pt-pt\/wp-json\/wp\/v2\/media?parent=2204"}],"curies":[{"name":"wp","href":"https:\/\/api.w.org\/{rel}","templated":true}]}}