{"id":3119,"date":"2024-08-20T10:04:36","date_gmt":"2024-08-20T08:04:36","guid":{"rendered":"https:\/\/www.lowind.es\/privacy-policy\/"},"modified":"2025-09-11T08:59:56","modified_gmt":"2025-09-11T06:59:56","slug":"privacy-policy","status":"publish","type":"page","link":"https:\/\/www.lowind.es\/en\/privacy-policy\/","title":{"rendered":"Privacy Policy"},"content":{"rendered":"\t\t<div data-elementor-type=\"wp-page\" data-elementor-id=\"3119\" class=\"elementor elementor-3119 elementor-3\" data-elementor-post-type=\"page\">\n\t\t\t\t<div class=\"elementor-element elementor-element-f738f55 e-flex e-con-boxed e-con e-parent\" data-id=\"f738f55\" data-element_type=\"container\" data-settings=\"{&quot;background_background&quot;:&quot;classic&quot;}\">\n\t\t\t\t\t<div class=\"e-con-inner\">\n\t\t\t\t<div class=\"elementor-element elementor-element-e402725 elementor-invisible elementor-widget elementor-widget-heading\" data-id=\"e402725\" data-element_type=\"widget\" data-settings=\"{&quot;_animation&quot;:&quot;fadeInUp&quot;}\" data-widget_type=\"heading.default\">\n\t\t\t\t<div class=\"elementor-widget-container\">\n\t\t\t\t\t<h1 class=\"elementor-heading-title elementor-size-default\">pol\u00edtica de Privacidade<\/h1>\t\t\t\t<\/div>\n\t\t\t\t<\/div>\n\t\t\t\t\t<\/div>\n\t\t\t\t<\/div>\n\t\t<div class=\"elementor-element elementor-element-0850750 e-flex e-con-boxed e-con e-parent\" data-id=\"0850750\" data-element_type=\"container\">\n\t\t\t\t\t<div class=\"e-con-inner\">\n\t\t\t\t<div class=\"elementor-element elementor-element-cc737c1 elementor-widget elementor-widget-text-editor\" data-id=\"cc737c1\" data-element_type=\"widget\" data-widget_type=\"text-editor.default\">\n\t\t\t\t<div class=\"elementor-widget-container\">\n\t\t\t\t\t\t\t\t\t<p>Su privacidad es importante para nosotros. Esta Pol\u00edtica de Privacidad cubre lo que recopilamos y c\u00f3mo usamos, divulgamos, transferimos y almacenamos su informaci\u00f3n. <\/p>\n\t\t\t\t\t\t\t\t<\/div>\n\t\t\t\t<\/div>\n\t\t\t\t\t<\/div>\n\t\t\t\t<\/div>\n\t\t<div class=\"elementor-element elementor-element-cbfe1a0 e-flex e-con-boxed e-con e-parent\" data-id=\"cbfe1a0\" data-element_type=\"container\">\n\t\t\t\t\t<div class=\"e-con-inner\">\n\t\t\t\t<div class=\"elementor-element elementor-element-9a9ac77 elementor-widget elementor-widget-heading\" data-id=\"9a9ac77\" data-element_type=\"widget\" data-widget_type=\"heading.default\">\n\t\t\t\t<div class=\"elementor-widget-container\">\n\t\t\t\t\t<h2 class=\"elementor-heading-title elementor-size-default\">1. Identity of SISTEMAS ELECTRICOS LOWIND, S.L.<\/h2>\t\t\t\t<\/div>\n\t\t\t\t<\/div>\n\t\t\t\t\t<\/div>\n\t\t\t\t<\/div>\n\t\t<div class=\"elementor-element elementor-element-79006e2 e-flex e-con-boxed e-con e-parent\" data-id=\"79006e2\" data-element_type=\"container\">\n\t\t\t\t\t<div class=\"e-con-inner\">\n\t\t\t\t<div class=\"elementor-element elementor-element-f40c99c elementor-widget elementor-widget-text-editor\" data-id=\"f40c99c\" data-element_type=\"widget\" data-widget_type=\"text-editor.default\">\n\t\t\t\t<div class=\"elementor-widget-container\">\n\t\t\t\t\t\t\t\t\t<p>If you have any questions about this Privacy Policy, you can contact us at:<\/p>\n<ul>\n<li>LOWIND SISTEMAS EL\u00c9CTRICOS, S.L.<\/li>\n<li>C.I.F. B 31961618<\/li>\n<li>PARQUE INDUSTRIAL ARETA,<\/li>\n<li>C\/ IRUMUGA, N\u00ba 1<\/li>\n<li>31620 HUARTE (Navarra)<\/li>\n<li>E-mail: <a href=\"mailto:lowind@www.lowind.es\">lowind@www.lowind.es<\/a><\/li>\n<li>Telephone: 948 346194<\/li>\n<\/ul>\t\t\t\t\t\t\t\t<\/div>\n\t\t\t\t<\/div>\n\t\t\t\t\t<\/div>\n\t\t\t\t<\/div>\n\t\t<div class=\"elementor-element elementor-element-25ddc09 e-flex e-con-boxed e-con e-parent\" data-id=\"25ddc09\" data-element_type=\"container\">\n\t\t\t\t\t<div class=\"e-con-inner\">\n\t\t\t\t<div class=\"elementor-element elementor-element-2b467b2 elementor-widget elementor-widget-heading\" data-id=\"2b467b2\" data-element_type=\"widget\" data-widget_type=\"heading.default\">\n\t\t\t\t<div class=\"elementor-widget-container\">\n\t\t\t\t\t<h2 class=\"elementor-heading-title elementor-size-default\">2. What information do we collect?<\/h2>\t\t\t\t<\/div>\n\t\t\t\t<\/div>\n\t\t\t\t\t<\/div>\n\t\t\t\t<\/div>\n\t\t<div class=\"elementor-element elementor-element-5755fb3 e-flex e-con-boxed e-con e-parent\" data-id=\"5755fb3\" data-element_type=\"container\">\n\t\t\t\t\t<div class=\"e-con-inner\">\n\t\t\t\t<div class=\"elementor-element elementor-element-725c338 elementor-widget elementor-widget-text-editor\" data-id=\"725c338\" data-element_type=\"widget\" data-widget_type=\"text-editor.default\">\n\t\t\t\t<div class=\"elementor-widget-container\">\n\t\t\t\t\t\t\t\t\t<p>You can visit our website anonymously.<\/p>\n\t\t\t\t\t\t\t\t<\/div>\n\t\t\t\t<\/div>\n\t\t\t\t\t<\/div>\n\t\t\t\t<\/div>\n\t\t<div class=\"elementor-element elementor-element-908599c e-flex e-con-boxed e-con e-parent\" data-id=\"908599c\" data-element_type=\"container\">\n\t\t\t\t\t<div class=\"e-con-inner\">\n\t\t\t\t<div class=\"elementor-element elementor-element-51b79b8 elementor-widget elementor-widget-text-editor\" data-id=\"51b79b8\" data-element_type=\"widget\" data-widget_type=\"text-editor.default\">\n\t\t\t\t<div class=\"elementor-widget-container\">\n\t\t\t\t\t\t\t\t\t<ol>\n<li>You can also send us a message using the &#8220;contact&#8221; option. To do so, we need to collect some basic contact information: name and email. <\/li>\n<li>If you&#8217;re looking for a job, you can send us your resume through the &#8220;jobs&#8221; option, along with your basic information: first name, last name, email address, and phone number.<\/li>\n<\/ol>\t\t\t\t\t\t\t\t<\/div>\n\t\t\t\t<\/div>\n\t\t\t\t\t<\/div>\n\t\t\t\t<\/div>\n\t\t<div class=\"elementor-element elementor-element-59b9afc e-flex e-con-boxed e-con e-parent\" data-id=\"59b9afc\" data-element_type=\"container\">\n\t\t\t\t\t<div class=\"e-con-inner\">\n\t\t\t\t<div class=\"elementor-element elementor-element-6a3687b elementor-widget elementor-widget-heading\" data-id=\"6a3687b\" data-element_type=\"widget\" data-widget_type=\"heading.default\">\n\t\t\t\t<div class=\"elementor-widget-container\">\n\t\t\t\t\t<h2 class=\"elementor-heading-title elementor-size-default\">3. What are the purposes?<\/h2>\t\t\t\t<\/div>\n\t\t\t\t<\/div>\n\t\t\t\t\t<\/div>\n\t\t\t\t<\/div>\n\t\t<div class=\"elementor-element elementor-element-6c90818 e-flex e-con-boxed e-con e-parent\" data-id=\"6c90818\" data-element_type=\"container\">\n\t\t\t\t\t<div class=\"e-con-inner\">\n\t\t\t\t<div class=\"elementor-element elementor-element-12d176f elementor-widget elementor-widget-text-editor\" data-id=\"12d176f\" data-element_type=\"widget\" data-widget_type=\"text-editor.default\">\n\t\t\t\t<div class=\"elementor-widget-container\">\n\t\t\t\t\t\t\t\t\t<ol>\n<li>\u201cContact\u201d: Our goal is to establish a communication channel with you and be able to answer your questions or respond to your request.<\/li>\n<li>\u201cEmployment\u201d: collect data to fill potential vacancies in our company or companies in the sector.<\/li>\n<\/ol>\t\t\t\t\t\t\t\t<\/div>\n\t\t\t\t<\/div>\n\t\t\t\t\t<\/div>\n\t\t\t\t<\/div>\n\t\t<div class=\"elementor-element elementor-element-9b44639 e-flex e-con-boxed e-con e-parent\" data-id=\"9b44639\" data-element_type=\"container\">\n\t\t\t\t\t<div class=\"e-con-inner\">\n\t\t\t\t<div class=\"elementor-element elementor-element-45e3553 elementor-widget elementor-widget-heading\" data-id=\"45e3553\" data-element_type=\"widget\" data-widget_type=\"heading.default\">\n\t\t\t\t<div class=\"elementor-widget-container\">\n\t\t\t\t\t<h2 class=\"elementor-heading-title elementor-size-default\">4. Legal basis.<\/h2>\t\t\t\t<\/div>\n\t\t\t\t<\/div>\n\t\t\t\t\t<\/div>\n\t\t\t\t<\/div>\n\t\t<div class=\"elementor-element elementor-element-4e8348f e-flex e-con-boxed e-con e-parent\" data-id=\"4e8348f\" data-element_type=\"container\">\n\t\t\t\t\t<div class=\"e-con-inner\">\n\t\t\t\t<div class=\"elementor-element elementor-element-0ef45a6 elementor-widget elementor-widget-text-editor\" data-id=\"0ef45a6\" data-element_type=\"widget\" data-widget_type=\"text-editor.default\">\n\t\t\t\t<div class=\"elementor-widget-container\">\n\t\t\t\t\t\t\t\t\t<p>The processing of your data is based on your consent. You can withdraw your consent at any time by contacting us using the information provided in section 1. <\/p>\n\t\t\t\t\t\t\t\t<\/div>\n\t\t\t\t<\/div>\n\t\t\t\t\t<\/div>\n\t\t\t\t<\/div>\n\t\t<div class=\"elementor-element elementor-element-4508409 e-flex e-con-boxed e-con e-parent\" data-id=\"4508409\" data-element_type=\"container\">\n\t\t\t\t\t<div class=\"e-con-inner\">\n\t\t\t\t<div class=\"elementor-element elementor-element-aec6ce2 elementor-widget elementor-widget-heading\" data-id=\"aec6ce2\" data-element_type=\"widget\" data-widget_type=\"heading.default\">\n\t\t\t\t<div class=\"elementor-widget-container\">\n\t\t\t\t\t<h2 class=\"elementor-heading-title elementor-size-default\">5. Communication of data to third parties.<\/h2>\t\t\t\t<\/div>\n\t\t\t\t<\/div>\n\t\t\t\t\t<\/div>\n\t\t\t\t<\/div>\n\t\t<div class=\"elementor-element elementor-element-9dbb576 e-flex e-con-boxed e-con e-parent\" data-id=\"9dbb576\" data-element_type=\"container\">\n\t\t\t\t\t<div class=\"e-con-inner\">\n\t\t\t\t<div class=\"elementor-element elementor-element-bfd672b elementor-widget elementor-widget-text-editor\" data-id=\"bfd672b\" data-element_type=\"widget\" data-widget_type=\"text-editor.default\">\n\t\t\t\t<div class=\"elementor-widget-container\">\n\t\t\t\t\t\t\t\t\t<p>SISTEMAS ELECTRICOS LOWIND, S.L. informs users that their personal data will not be transferred to third-party organizations unless such transfer is covered by a legal obligation.<\/p>\n<p>The CV you provide may be sent to other companies in the sector if you have indicated this when submitting your information through our website.<\/p>\t\t\t\t\t\t\t\t<\/div>\n\t\t\t\t<\/div>\n\t\t\t\t\t<\/div>\n\t\t\t\t<\/div>\n\t\t<div class=\"elementor-element elementor-element-b2afe09 e-flex e-con-boxed e-con e-parent\" data-id=\"b2afe09\" data-element_type=\"container\">\n\t\t\t\t\t<div class=\"e-con-inner\">\n\t\t\t\t<div class=\"elementor-element elementor-element-b74eea8 elementor-widget elementor-widget-heading\" data-id=\"b74eea8\" data-element_type=\"widget\" data-widget_type=\"heading.default\">\n\t\t\t\t<div class=\"elementor-widget-container\">\n\t\t\t\t\t<h2 class=\"elementor-heading-title elementor-size-default\">6. Conservation of your data.<\/h2>\t\t\t\t<\/div>\n\t\t\t\t<\/div>\n\t\t\t\t\t<\/div>\n\t\t\t\t<\/div>\n\t\t<div class=\"elementor-element elementor-element-93b7a07 e-flex e-con-boxed e-con e-parent\" data-id=\"93b7a07\" data-element_type=\"container\">\n\t\t\t\t\t<div class=\"e-con-inner\">\n\t\t\t\t<div class=\"elementor-element elementor-element-8be45e0 elementor-widget elementor-widget-text-editor\" data-id=\"8be45e0\" data-element_type=\"widget\" data-widget_type=\"text-editor.default\">\n\t\t\t\t<div class=\"elementor-widget-container\">\n\t\t\t\t\t\t\t\t\t<p>We will retain your data as long as the user does not request its deletion.<\/p>\n\t\t\t\t\t\t\t\t<\/div>\n\t\t\t\t<\/div>\n\t\t\t\t\t<\/div>\n\t\t\t\t<\/div>\n\t\t<div class=\"elementor-element elementor-element-81831fd e-flex e-con-boxed e-con e-parent\" data-id=\"81831fd\" data-element_type=\"container\">\n\t\t\t\t\t<div class=\"e-con-inner\">\n\t\t\t\t<div class=\"elementor-element elementor-element-e7968b0 elementor-widget elementor-widget-heading\" data-id=\"e7968b0\" data-element_type=\"widget\" data-widget_type=\"heading.default\">\n\t\t\t\t<div class=\"elementor-widget-container\">\n\t\t\t\t\t<h2 class=\"elementor-heading-title elementor-size-default\">7. What are your rights when you provide us with your data?<\/h2>\t\t\t\t<\/div>\n\t\t\t\t<\/div>\n\t\t\t\t\t<\/div>\n\t\t\t\t<\/div>\n\t\t<div class=\"elementor-element elementor-element-1c4f35a e-flex e-con-boxed e-con e-parent\" data-id=\"1c4f35a\" data-element_type=\"container\">\n\t\t\t\t\t<div class=\"e-con-inner\">\n\t\t\t\t<div class=\"elementor-element elementor-element-aa99707 elementor-widget elementor-widget-text-editor\" data-id=\"aa99707\" data-element_type=\"widget\" data-widget_type=\"text-editor.default\">\n\t\t\t\t<div class=\"elementor-widget-container\">\n\t\t\t\t\t\t\t\t\t<p>Any person has the right to obtain confirmation as to whether SISTEMAS ELECTRICOS LOWIND, S.L. is processing their personal data. If so, they have the right to request the rectification of incorrect data or, where appropriate, request its deletion or restriction of use when, among other reasons, their data is no longer necessary for the purposes for which it was collected. <\/p>\n\t\t\t\t\t\t\t\t<\/div>\n\t\t\t\t<\/div>\n\t\t\t\t\t<\/div>\n\t\t\t\t<\/div>\n\t\t\t\t<\/div>\n\t\t","protected":false},"excerpt":{"rendered":"<p>pol\u00edtica de Privacidade Su privacidad es importante para nosotros. Esta Pol\u00edtica de Privacidad cubre lo que recopilamos y c\u00f3mo usamos, divulgamos, transferimos y almacenamos su informaci\u00f3n. 1. Identity of SISTEMAS ELECTRICOS LOWIND, S.L. If you have any questions about this Privacy Policy, you can contact us at: LOWIND SISTEMAS EL\u00c9CTRICOS, S.L. C.I.F. B 31961618 PARQUE [&hellip;]<\/p>\n","protected":false},"author":1,"featured_media":0,"parent":0,"menu_order":0,"comment_status":"closed","ping_status":"open","template":"","meta":{"footnotes":""},"class_list":["post-3119","page","type-page","status-publish","hentry"],"_links":{"self":[{"href":"https:\/\/www.lowind.es\/en\/wp-json\/wp\/v2\/pages\/3119","targetHints":{"allow":["GET"]}}],"collection":[{"href":"https:\/\/www.lowind.es\/en\/wp-json\/wp\/v2\/pages"}],"about":[{"href":"https:\/\/www.lowind.es\/en\/wp-json\/wp\/v2\/types\/page"}],"author":[{"embeddable":true,"href":"https:\/\/www.lowind.es\/en\/wp-json\/wp\/v2\/users\/1"}],"replies":[{"embeddable":true,"href":"https:\/\/www.lowind.es\/en\/wp-json\/wp\/v2\/comments?post=3119"}],"version-history":[{"count":1,"href":"https:\/\/www.lowind.es\/en\/wp-json\/wp\/v2\/pages\/3119\/revisions"}],"predecessor-version":[{"id":3120,"href":"https:\/\/www.lowind.es\/en\/wp-json\/wp\/v2\/pages\/3119\/revisions\/3120"}],"wp:attachment":[{"href":"https:\/\/www.lowind.es\/en\/wp-json\/wp\/v2\/media?parent=3119"}],"curies":[{"name":"wp","href":"https:\/\/api.w.org\/{rel}","templated":true}]}}