{"id":3112,"date":"2024-11-12T11:39:51","date_gmt":"2024-11-12T10:39:51","guid":{"rendered":"https:\/\/www.lowind.es\/cookie-policy\/"},"modified":"2025-09-11T08:53:19","modified_gmt":"2025-09-11T06:53:19","slug":"cookie-policy","status":"publish","type":"page","link":"https:\/\/www.lowind.es\/en\/cookie-policy\/","title":{"rendered":"Cookie Policy"},"content":{"rendered":"\t\t<div data-elementor-type=\"wp-page\" data-elementor-id=\"3112\" class=\"elementor elementor-3112 elementor-2472\" data-elementor-post-type=\"page\">\n\t\t\t\t<div class=\"elementor-element elementor-element-5b01a9c e-flex e-con-boxed e-con e-parent\" data-id=\"5b01a9c\" data-element_type=\"container\" data-settings=\"{&quot;background_background&quot;:&quot;classic&quot;}\">\n\t\t\t\t\t<div class=\"e-con-inner\">\n\t\t\t\t<div class=\"elementor-element elementor-element-a040a5f elementor-invisible elementor-widget elementor-widget-heading\" data-id=\"a040a5f\" data-element_type=\"widget\" data-settings=\"{&quot;_animation&quot;:&quot;fadeInUp&quot;}\" data-widget_type=\"heading.default\">\n\t\t\t\t<div class=\"elementor-widget-container\">\n\t\t\t\t\t<h1 class=\"elementor-heading-title elementor-size-default\">Cookie Policy<\/h1>\t\t\t\t<\/div>\n\t\t\t\t<\/div>\n\t\t\t\t\t<\/div>\n\t\t\t\t<\/div>\n\t\t<div class=\"elementor-element elementor-element-59ca959 e-flex e-con-boxed e-con e-parent\" data-id=\"59ca959\" data-element_type=\"container\">\n\t\t\t\t\t<div class=\"e-con-inner\">\n\t\t\t\t<div class=\"elementor-element elementor-element-f972f52 elementor-widget elementor-widget-heading\" data-id=\"f972f52\" data-element_type=\"widget\" data-widget_type=\"heading.default\">\n\t\t\t\t<div class=\"elementor-widget-container\">\n\t\t\t\t\t<h2 class=\"elementor-heading-title elementor-size-default\">1. Identity of SISTEMAS ELECTRICOS LOWIND, S.L.<\/h2>\t\t\t\t<\/div>\n\t\t\t\t<\/div>\n\t\t\t\t\t<\/div>\n\t\t\t\t<\/div>\n\t\t<div class=\"elementor-element elementor-element-e416ab0 e-flex e-con-boxed e-con e-parent\" data-id=\"e416ab0\" data-element_type=\"container\">\n\t\t\t\t\t<div class=\"e-con-inner\">\n\t\t\t\t<div class=\"elementor-element elementor-element-14923cd elementor-widget elementor-widget-text-editor\" data-id=\"14923cd\" data-element_type=\"widget\" data-widget_type=\"text-editor.default\">\n\t\t\t\t<div class=\"elementor-widget-container\">\n\t\t\t\t\t\t\t\t\t<p class=\"p2\">Cookies are text files stored on the user&#8217;s device that store and retrieve information about browsing. Although the functionality of cookies is always the same, their purpose may vary, so there are different types of cookies.<\/p>\n<p class=\"p2\">Section 1.4 of this policy describes the specific use of cookies on this website.<span class=\"s1\"><b><span class=\"Apple-converted-space\">  <\/span><\/b><\/span> <\/p>\n<p class=\"p2\">If you would like more information about cookies, please visit the following links:<\/p>\n\t\t\t\t\t\t\t\t<\/div>\n\t\t\t\t<\/div>\n\t\t\t\t\t<\/div>\n\t\t\t\t<\/div>\n\t\t<div class=\"elementor-element elementor-element-4d38152 e-flex e-con-boxed e-con e-parent\" data-id=\"4d38152\" data-element_type=\"container\">\n\t\t\t\t\t<div class=\"e-con-inner\">\n\t\t\t\t<div class=\"elementor-element elementor-element-90e2c22 elementor-widget elementor-widget-text-editor\" data-id=\"90e2c22\" data-element_type=\"widget\" data-widget_type=\"text-editor.default\">\n\t\t\t\t<div class=\"elementor-widget-container\">\n\t\t\t\t\t\t\t\t\t<p class=\"p3\"><b>\u2013<\/b><a href=\"http:\/\/es.wikipedia.org\/wiki\/Cookie_%2528inform%25C3%25A1tica%2529\" target=\"_blank\" rel=\"noopener\"><span class=\"s2\"><b>Wikipedia entry on cookies<\/b><\/span><\/a><b>.<\/b><\/p>\n<p class=\"p3\"><b>\u2013<\/b><a href=\"http:\/\/tools.ietf.org\/html\/rfc6265\" target=\"_blank\" rel=\"noopener\"><span class=\"s2\"><b>Documento t\u00e9cnico explicativo sobre las cookies<\/b><\/span><\/a><b>.<\/b><\/p>\n<p class=\"p3\"><b>\u2013<\/b><a href=\"http:\/\/www.allaboutcookies.org\/es\/\" target=\"_blank\" rel=\"noopener\"><span class=\"s2\"><b>http:\/\/www.allaboutcookies.org\/es\/<\/b><\/span><\/a><\/p>\n\t\t\t\t\t\t\t\t<\/div>\n\t\t\t\t<\/div>\n\t\t\t\t\t<\/div>\n\t\t\t\t<\/div>\n\t\t<div class=\"elementor-element elementor-element-4033b27 e-flex e-con-boxed e-con e-parent\" data-id=\"4033b27\" data-element_type=\"container\">\n\t\t\t\t\t<div class=\"e-con-inner\">\n\t\t\t\t<div class=\"elementor-element elementor-element-d27e003 elementor-widget elementor-widget-heading\" data-id=\"d27e003\" data-element_type=\"widget\" data-widget_type=\"heading.default\">\n\t\t\t\t<div class=\"elementor-widget-container\">\n\t\t\t\t\t<h2 class=\"elementor-heading-title elementor-size-default\">2.- ON HOW TO ACCEPT, DENY OR REVOKE CONSENT TO THE INSTALLATION OF COOKIES.<\/h2>\t\t\t\t<\/div>\n\t\t\t\t<\/div>\n\t\t\t\t\t<\/div>\n\t\t\t\t<\/div>\n\t\t<div class=\"elementor-element elementor-element-136dded e-flex e-con-boxed e-con e-parent\" data-id=\"136dded\" data-element_type=\"container\">\n\t\t\t\t\t<div class=\"e-con-inner\">\n\t\t\t\t<div class=\"elementor-element elementor-element-220b653 elementor-widget elementor-widget-text-editor\" data-id=\"220b653\" data-element_type=\"widget\" data-widget_type=\"text-editor.default\">\n\t\t\t\t<div class=\"elementor-widget-container\">\n\t\t\t\t\t\t\t\t\t<p>This website has a consent manager enabled, so when you visit our website you can freely accept, deny, or configure the installation of cookies. Thus, the following situations may occur:<\/p>\n\t\t\t\t\t\t\t\t<\/div>\n\t\t\t\t<\/div>\n\t\t\t\t\t<\/div>\n\t\t\t\t<\/div>\n\t\t<div class=\"elementor-element elementor-element-e4d3717 e-flex e-con-boxed e-con e-parent\" data-id=\"e4d3717\" data-element_type=\"container\">\n\t\t\t\t\t<div class=\"e-con-inner\">\n\t\t\t\t<div class=\"elementor-element elementor-element-37e0e15 elementor-widget elementor-widget-text-editor\" data-id=\"37e0e15\" data-element_type=\"widget\" data-widget_type=\"text-editor.default\">\n\t\t\t\t<div class=\"elementor-widget-container\">\n\t\t\t\t\t\t\t\t\t<ul class=\"ul1\">\n<li class=\"li4\"><span class=\"s3\"><b>Consentimiento a la instalaci\u00f3n de la totalidad de las cookies<\/b><\/span><span class=\"s4\">: Si usted pulsa el bot\u00f3n de \u201cAceptar\u201d o cierra el banner informativo, entendemos que consiente la instalaci\u00f3n de cookies de forma que todas las cookies indicadas en la presente pol\u00edtica ser\u00e1n instaladas en su equipo.<\/span><\/li>\n<li class=\"li4\"><b><\/b><span class=\"s3\"><b>Configuration<\/b><\/span><span class=\"s4\">: If you click on the configuration button, you will see a drop-down menu where you can expressly indicate which types of cookies you consent to be installed and which ones you do not. Only the selected cookies will be installed.<\/span><\/li>\n<\/ul>\n\t\t\t\t\t\t\t\t<\/div>\n\t\t\t\t<\/div>\n\t\t\t\t\t<\/div>\n\t\t\t\t<\/div>\n\t\t<div class=\"elementor-element elementor-element-da64db3 e-flex e-con-boxed e-con e-parent\" data-id=\"da64db3\" data-element_type=\"container\">\n\t\t\t\t\t<div class=\"e-con-inner\">\n\t\t\t\t<div class=\"elementor-element elementor-element-946a667 elementor-widget elementor-widget-text-editor\" data-id=\"946a667\" data-element_type=\"widget\" data-widget_type=\"text-editor.default\">\n\t\t\t\t<div class=\"elementor-widget-container\">\n\t\t\t\t\t\t\t\t\t<p class=\"p2\">Likewise, through the same panel you can reject all cookies by clicking the button enabled for this purpose.<\/p>\n<p class=\"p2\">Una vez haya aceptado las cookies para poder eliminar las mismas empleando las opciones de configuraci\u00f3n de las que disponen los<a href=\"http:\/\/es.wikipedia.org\/wiki\/Navegador_web\" target=\"_blank\" rel=\"noopener\"><span class=\"s5\"><b> navegadores<\/b><\/span><\/a> , a trav\u00e9s de las cuales se permiten ajustar diversos niveles de privacidad, de forma que por ejemplo, se denieguen todas las cookies que pueda enviar un sitio web como este o incluso se eliminen todas las cookies que pudieran haberse guardado. To modify these parameters, you can request help from the manufacturer or consult the documentation listed below:<\/p>\n\t\t\t\t\t\t\t\t<\/div>\n\t\t\t\t<\/div>\n\t\t\t\t\t<\/div>\n\t\t\t\t<\/div>\n\t\t<div class=\"elementor-element elementor-element-4f05051 e-flex e-con-boxed e-con e-parent\" data-id=\"4f05051\" data-element_type=\"container\">\n\t\t\t\t\t<div class=\"e-con-inner\">\n\t\t\t\t<div class=\"elementor-element elementor-element-2ae2506 elementor-widget elementor-widget-text-editor\" data-id=\"2ae2506\" data-element_type=\"widget\" data-widget_type=\"text-editor.default\">\n\t\t\t\t<div class=\"elementor-widget-container\">\n\t\t\t\t\t\t\t\t\t<p class=\"p3\"><b>\u2013 <\/b><a href=\"http:\/\/support.google.com\/chrome\/bin\/answer.py?hl=es&amp;answer=95647\" target=\"_blank\" rel=\"noopener\"><span class=\"s2\"><b>Google Chrome<\/b><\/span><\/a><b>,  <\/b><a href=\"http:\/\/support.mozilla.org\/es\/kb\/Habilitar%2520y%2520deshabilitar%2520cookies\" target=\"_blank\" rel=\"noopener\"><span class=\"s2\"><b>Mozilla Firefox<\/b><\/span><\/a><b>,  <\/b><a href=\"https:\/\/support.microsoft.com\/es-es\/help\/17442\/windows-internet-explorer-delete-manage-cookies\" target=\"_blank\" rel=\"noopener\"><span class=\"s2\"><b>Internet Explorer<\/b><\/span><\/a><b> and <\/b><a href=\"https:\/\/support.apple.com\/en-gb\/guide\/safari\/sfri11471\/mac\" target=\"_blank\" rel=\"noopener\"><span class=\"s2\"><b>Safari.<\/b><\/span><\/a><\/p>\n<p class=\"p3\"><b>\u2013 <\/b><a href=\"https:\/\/support.apple.com\/es-es\/HT201265\" target=\"_blank\" rel=\"noopener\"><span class=\"s2\"><b>IOS<\/b><\/span><\/a><b> y <\/b><a href=\"https:\/\/support.google.com\/chrome\/answer\/114662?hl=es&amp;visit_id=0-636432348995326330-3931612517&amp;rd=1&amp;co=GENIE.Platform%253DAndroid&amp;oco=1\" target=\"_blank\" rel=\"noopener\"><span class=\"s2\"><b>Android<\/b><\/span><\/a><b>.<\/b><\/p>\n\t\t\t\t\t\t\t\t<\/div>\n\t\t\t\t<\/div>\n\t\t\t\t\t<\/div>\n\t\t\t\t<\/div>\n\t\t<div class=\"elementor-element elementor-element-d593021 e-flex e-con-boxed e-con e-parent\" data-id=\"d593021\" data-element_type=\"container\">\n\t\t\t\t\t<div class=\"e-con-inner\">\n\t\t\t\t<div class=\"elementor-element elementor-element-9242f06 elementor-widget elementor-widget-text-editor\" data-id=\"9242f06\" data-element_type=\"widget\" data-widget_type=\"text-editor.default\">\n\t\t\t\t<div class=\"elementor-widget-container\">\n\t\t\t\t\t\t\t\t\t<p>If the user restricts or blocks some or all of the cookies on this website, some of the features or services provided on the page may not be available.<\/p>\n\t\t\t\t\t\t\t\t<\/div>\n\t\t\t\t<\/div>\n\t\t\t\t\t<\/div>\n\t\t\t\t<\/div>\n\t\t<div class=\"elementor-element elementor-element-2793af7 e-flex e-con-boxed e-con e-parent\" data-id=\"2793af7\" data-element_type=\"container\">\n\t\t\t\t\t<div class=\"e-con-inner\">\n\t\t\t\t<div class=\"elementor-element elementor-element-ec5d998 elementor-widget elementor-widget-text-editor\" data-id=\"ec5d998\" data-element_type=\"widget\" data-widget_type=\"text-editor.default\">\n\t\t\t\t<div class=\"elementor-widget-container\">\n\t\t\t\t\t\t\t\t\t<p><b>Also, please note that if you accept third-party cookies, you must delete them from your browser options or from the system provided by the third party itself.<\/b><\/p>\n\t\t\t\t\t\t\t\t<\/div>\n\t\t\t\t<\/div>\n\t\t\t\t\t<\/div>\n\t\t\t\t<\/div>\n\t\t<div class=\"elementor-element elementor-element-e0ce069 e-flex e-con-boxed e-con e-parent\" data-id=\"e0ce069\" data-element_type=\"container\">\n\t\t\t\t\t<div class=\"e-con-inner\">\n\t\t\t\t<div class=\"elementor-element elementor-element-ef6dc49 elementor-widget elementor-widget-heading\" data-id=\"ef6dc49\" data-element_type=\"widget\" data-widget_type=\"heading.default\">\n\t\t\t\t<div class=\"elementor-widget-container\">\n\t\t\t\t\t<h2 class=\"elementor-heading-title elementor-size-default\">3.- PRIVATE OR INCOGNITO NAVIGATION.<\/h2>\t\t\t\t<\/div>\n\t\t\t\t<\/div>\n\t\t\t\t\t<\/div>\n\t\t\t\t<\/div>\n\t\t<div class=\"elementor-element elementor-element-6c5c880 e-flex e-con-boxed e-con e-parent\" data-id=\"6c5c880\" data-element_type=\"container\">\n\t\t\t\t\t<div class=\"e-con-inner\">\n\t\t\t\t<div class=\"elementor-element elementor-element-c0867e5 elementor-widget elementor-widget-text-editor\" data-id=\"c0867e5\" data-element_type=\"widget\" data-widget_type=\"text-editor.default\">\n\t\t\t\t<div class=\"elementor-widget-container\">\n\t\t\t\t\t\t\t\t\t<p>Finalmente, al margen de la posibilidad de restringir o eliminar las cookies la mayor\u00eda de los navegadores web permiten la visita a las p\u00e1ginas mediante la modalidad conocida como \u201c<a href=\"https:\/\/support.mozilla.org\/es\/kb\/navegacion-privada-Firefox-no-guardar-historial-navegacion\" target=\"_blank\" rel=\"noopener\"><span class=\"s5\"><b>navegaci\u00f3n privada<\/b><\/span><\/a>, de<a href=\"https:\/\/support.google.com\/chrome\/answer\/95464?co=GENIE.Platform%253DDesktop&amp;hl=es\" target=\"_blank\" rel=\"noopener\"><span class=\"s5\"><b> inc\u00f3gnito<\/b><\/span><\/a>, <a href=\"https:\/\/support.google.com\/chrome\/answer\/95464?co=GENIE.Platform%253DDesktop&amp;hl=es\" target=\"_blank\" rel=\"noopener\"><span class=\"s5\"><b>inPrivate<\/b><\/span><\/a>\u201d. Dicha funcionalidad implica que al cerrar en navegador\/pesta\u00f1a se eliminen los datos de la navegaci\u00f3n que hayan podido almacenarse o generarse (entre ellos, las cookies).<\/p>\n\t\t\t\t\t\t\t\t<\/div>\n\t\t\t\t<\/div>\n\t\t\t\t\t<\/div>\n\t\t\t\t<\/div>\n\t\t\t\t<\/div>\n\t\t","protected":false},"excerpt":{"rendered":"<p>Cookie Policy 1. Identity of SISTEMAS ELECTRICOS LOWIND, S.L. Cookies are text files stored on the user&#8217;s device that store and retrieve information about browsing. Although the functionality of cookies is always the same, their purpose may vary, so there are different types of cookies. Section 1.4 of this policy describes the specific use of [&hellip;]<\/p>\n","protected":false},"author":1,"featured_media":0,"parent":0,"menu_order":0,"comment_status":"closed","ping_status":"closed","template":"","meta":{"footnotes":""},"class_list":["post-3112","page","type-page","status-publish","hentry"],"_links":{"self":[{"href":"https:\/\/www.lowind.es\/en\/wp-json\/wp\/v2\/pages\/3112","targetHints":{"allow":["GET"]}}],"collection":[{"href":"https:\/\/www.lowind.es\/en\/wp-json\/wp\/v2\/pages"}],"about":[{"href":"https:\/\/www.lowind.es\/en\/wp-json\/wp\/v2\/types\/page"}],"author":[{"embeddable":true,"href":"https:\/\/www.lowind.es\/en\/wp-json\/wp\/v2\/users\/1"}],"replies":[{"embeddable":true,"href":"https:\/\/www.lowind.es\/en\/wp-json\/wp\/v2\/comments?post=3112"}],"version-history":[{"count":1,"href":"https:\/\/www.lowind.es\/en\/wp-json\/wp\/v2\/pages\/3112\/revisions"}],"predecessor-version":[{"id":3113,"href":"https:\/\/www.lowind.es\/en\/wp-json\/wp\/v2\/pages\/3112\/revisions\/3113"}],"wp:attachment":[{"href":"https:\/\/www.lowind.es\/en\/wp-json\/wp\/v2\/media?parent=3112"}],"curies":[{"name":"wp","href":"https:\/\/api.w.org\/{rel}","templated":true}]}}